{"id":3748,"date":"2019-11-01T22:09:28","date_gmt":"2019-11-02T03:09:28","guid":{"rendered":"https:\/\/kiosco-creativo.com\/campaigns\/"},"modified":"2022-05-16T19:51:38","modified_gmt":"2022-05-17T00:51:38","slug":"campanas","status":"publish","type":"page","link":"https:\/\/kiosco-creativo.com\/es\/campanas\/","title":{"rendered":"Campa\u00f1as"},"content":{"rendered":"\t\t<div data-elementor-type=\"wp-page\" data-elementor-id=\"3748\" class=\"elementor elementor-3748 elementor-1891\">\n\t\t\t\t\t\t\t\t\t<section class=\"elementor-section elementor-top-section elementor-element elementor-element-31ab676 elementor-section-boxed elementor-section-height-default elementor-section-height-default\" data-id=\"31ab676\" data-element_type=\"section\" data-settings=\"{&quot;jet_parallax_layout_list&quot;:[{&quot;jet_parallax_layout_image&quot;:{&quot;url&quot;:&quot;&quot;,&quot;id&quot;:&quot;&quot;},&quot;_id&quot;:&quot;8ab9041&quot;,&quot;jet_parallax_layout_image_tablet&quot;:{&quot;url&quot;:&quot;&quot;,&quot;id&quot;:&quot;&quot;},&quot;jet_parallax_layout_image_mobile&quot;:{&quot;url&quot;:&quot;&quot;,&quot;id&quot;:&quot;&quot;},&quot;jet_parallax_layout_speed&quot;:{&quot;unit&quot;:&quot;%&quot;,&quot;size&quot;:50,&quot;sizes&quot;:[]},&quot;jet_parallax_layout_type&quot;:&quot;scroll&quot;,&quot;jet_parallax_layout_direction&quot;:null,&quot;jet_parallax_layout_fx_direction&quot;:null,&quot;jet_parallax_layout_z_index&quot;:&quot;&quot;,&quot;jet_parallax_layout_bg_x&quot;:50,&quot;jet_parallax_layout_bg_x_tablet&quot;:&quot;&quot;,&quot;jet_parallax_layout_bg_x_mobile&quot;:&quot;&quot;,&quot;jet_parallax_layout_bg_y&quot;:50,&quot;jet_parallax_layout_bg_y_tablet&quot;:&quot;&quot;,&quot;jet_parallax_layout_bg_y_mobile&quot;:&quot;&quot;,&quot;jet_parallax_layout_bg_size&quot;:&quot;auto&quot;,&quot;jet_parallax_layout_bg_size_tablet&quot;:&quot;&quot;,&quot;jet_parallax_layout_bg_size_mobile&quot;:&quot;&quot;,&quot;jet_parallax_layout_animation_prop&quot;:&quot;transform&quot;,&quot;jet_parallax_layout_on&quot;:[&quot;desktop&quot;,&quot;tablet&quot;]}],&quot;animation_mobile&quot;:&quot;fadeIn&quot;}\">\n\t\t\t\t\t\t<div class=\"elementor-container elementor-column-gap-default\">\n\t\t\t\t\t<div class=\"elementor-column elementor-col-100 elementor-top-column elementor-element elementor-element-18aa216c\" data-id=\"18aa216c\" data-element_type=\"column\">\n\t\t\t<div class=\"elementor-widget-wrap elementor-element-populated\">\n\t\t\t\t\t\t\t\t<section class=\"elementor-section elementor-inner-section elementor-element elementor-element-76144c35 elementor-section-full_width elementor-section-height-default elementor-section-height-default\" data-id=\"76144c35\" data-element_type=\"section\" data-settings=\"{&quot;jet_parallax_layout_list&quot;:[{&quot;jet_parallax_layout_image&quot;:{&quot;url&quot;:&quot;&quot;,&quot;id&quot;:&quot;&quot;},&quot;_id&quot;:&quot;5ff1254&quot;,&quot;jet_parallax_layout_image_tablet&quot;:{&quot;url&quot;:&quot;&quot;,&quot;id&quot;:&quot;&quot;},&quot;jet_parallax_layout_image_mobile&quot;:{&quot;url&quot;:&quot;&quot;,&quot;id&quot;:&quot;&quot;},&quot;jet_parallax_layout_speed&quot;:{&quot;unit&quot;:&quot;%&quot;,&quot;size&quot;:50,&quot;sizes&quot;:[]},&quot;jet_parallax_layout_type&quot;:&quot;scroll&quot;,&quot;jet_parallax_layout_direction&quot;:null,&quot;jet_parallax_layout_fx_direction&quot;:null,&quot;jet_parallax_layout_z_index&quot;:&quot;&quot;,&quot;jet_parallax_layout_bg_x&quot;:50,&quot;jet_parallax_layout_bg_x_tablet&quot;:&quot;&quot;,&quot;jet_parallax_layout_bg_x_mobile&quot;:&quot;&quot;,&quot;jet_parallax_layout_bg_y&quot;:50,&quot;jet_parallax_layout_bg_y_tablet&quot;:&quot;&quot;,&quot;jet_parallax_layout_bg_y_mobile&quot;:&quot;&quot;,&quot;jet_parallax_layout_bg_size&quot;:&quot;auto&quot;,&quot;jet_parallax_layout_bg_size_tablet&quot;:&quot;&quot;,&quot;jet_parallax_layout_bg_size_mobile&quot;:&quot;&quot;,&quot;jet_parallax_layout_animation_prop&quot;:&quot;transform&quot;,&quot;jet_parallax_layout_on&quot;:[&quot;desktop&quot;,&quot;tablet&quot;]}]}\">\n\t\t\t\t\t\t<div class=\"elementor-container elementor-column-gap-default\">\n\t\t\t\t\t<div class=\"elementor-column elementor-col-50 elementor-inner-column elementor-element elementor-element-221f4af9\" data-id=\"221f4af9\" data-element_type=\"column\">\n\t\t\t<div class=\"elementor-widget-wrap elementor-element-populated\">\n\t\t\t\t\t\t\t\t<div class=\"elementor-element elementor-element-509d281d elementor-widget elementor-widget-heading\" data-id=\"509d281d\" data-element_type=\"widget\" data-widget_type=\"heading.default\">\n\t\t\t\t<div class=\"elementor-widget-container\">\n\t\t\t<h2 class=\"elementor-heading-title elementor-size-default\">Campa\u00f1as<\/h2>\t\t<\/div>\n\t\t\t\t<\/div>\n\t\t\t\t\t<\/div>\n\t\t<\/div>\n\t\t\t\t<div class=\"elementor-column elementor-col-50 elementor-inner-column elementor-element elementor-element-4fd439ed\" data-id=\"4fd439ed\" data-element_type=\"column\">\n\t\t\t<div class=\"elementor-widget-wrap elementor-element-populated\">\n\t\t\t\t\t\t\t\t<div class=\"elementor-element elementor-element-673efcc5 elementor-widget elementor-widget-text-editor\" data-id=\"673efcc5\" data-element_type=\"widget\" data-widget_type=\"text-editor.default\">\n\t\t\t\t<div class=\"elementor-widget-container\">\n\t\t\t\t\t\t\t<p>Nuestra meta es conocer bien a la marca y su consumidor para crear estrategias de comunicaci\u00f3n exitosas que cumplan con los objetivos del cliente.<\/p><p>Estructuramos campa\u00f1as 360, incluyendo ATL, BTL y Digital.<\/p>\t\t\t\t\t\t<\/div>\n\t\t\t\t<\/div>\n\t\t\t\t\t<\/div>\n\t\t<\/div>\n\t\t\t\t\t\t\t<\/div>\n\t\t<\/section>\n\t\t\t\t\t<\/div>\n\t\t<\/div>\n\t\t\t\t\t\t\t<\/div>\n\t\t<\/section>\n\t\t\t\t<section class=\"elementor-section elementor-top-section elementor-element elementor-element-1cdc1108 elementor-section-boxed elementor-section-height-default elementor-section-height-default\" data-id=\"1cdc1108\" data-element_type=\"section\" data-settings=\"{&quot;jet_parallax_layout_list&quot;:[{&quot;jet_parallax_layout_image&quot;:{&quot;url&quot;:&quot;&quot;,&quot;id&quot;:&quot;&quot;},&quot;_id&quot;:&quot;8ab9041&quot;,&quot;jet_parallax_layout_image_tablet&quot;:{&quot;url&quot;:&quot;&quot;,&quot;id&quot;:&quot;&quot;},&quot;jet_parallax_layout_image_mobile&quot;:{&quot;url&quot;:&quot;&quot;,&quot;id&quot;:&quot;&quot;},&quot;jet_parallax_layout_speed&quot;:{&quot;unit&quot;:&quot;%&quot;,&quot;size&quot;:50,&quot;sizes&quot;:[]},&quot;jet_parallax_layout_type&quot;:&quot;scroll&quot;,&quot;jet_parallax_layout_direction&quot;:null,&quot;jet_parallax_layout_fx_direction&quot;:null,&quot;jet_parallax_layout_z_index&quot;:&quot;&quot;,&quot;jet_parallax_layout_bg_x&quot;:50,&quot;jet_parallax_layout_bg_x_tablet&quot;:&quot;&quot;,&quot;jet_parallax_layout_bg_x_mobile&quot;:&quot;&quot;,&quot;jet_parallax_layout_bg_y&quot;:50,&quot;jet_parallax_layout_bg_y_tablet&quot;:&quot;&quot;,&quot;jet_parallax_layout_bg_y_mobile&quot;:&quot;&quot;,&quot;jet_parallax_layout_bg_size&quot;:&quot;auto&quot;,&quot;jet_parallax_layout_bg_size_tablet&quot;:&quot;&quot;,&quot;jet_parallax_layout_bg_size_mobile&quot;:&quot;&quot;,&quot;jet_parallax_layout_animation_prop&quot;:&quot;transform&quot;,&quot;jet_parallax_layout_on&quot;:[&quot;desktop&quot;,&quot;tablet&quot;]}],&quot;animation_mobile&quot;:&quot;fadeIn&quot;}\">\n\t\t\t\t\t\t<div class=\"elementor-container elementor-column-gap-default\">\n\t\t\t\t\t<div class=\"elementor-column elementor-col-100 elementor-top-column elementor-element elementor-element-2da7fecf\" data-id=\"2da7fecf\" data-element_type=\"column\">\n\t\t\t<div class=\"elementor-widget-wrap elementor-element-populated\">\n\t\t\t\t\t\t\t\t<section class=\"elementor-section elementor-inner-section elementor-element elementor-element-93be75f elementor-section-full_width elementor-section-height-default elementor-section-height-default\" data-id=\"93be75f\" data-element_type=\"section\" data-settings=\"{&quot;jet_parallax_layout_list&quot;:[{&quot;jet_parallax_layout_image&quot;:{&quot;url&quot;:&quot;&quot;,&quot;id&quot;:&quot;&quot;},&quot;_id&quot;:&quot;5ff1254&quot;,&quot;jet_parallax_layout_image_tablet&quot;:{&quot;url&quot;:&quot;&quot;,&quot;id&quot;:&quot;&quot;},&quot;jet_parallax_layout_image_mobile&quot;:{&quot;url&quot;:&quot;&quot;,&quot;id&quot;:&quot;&quot;},&quot;jet_parallax_layout_speed&quot;:{&quot;unit&quot;:&quot;%&quot;,&quot;size&quot;:50,&quot;sizes&quot;:[]},&quot;jet_parallax_layout_type&quot;:&quot;scroll&quot;,&quot;jet_parallax_layout_direction&quot;:null,&quot;jet_parallax_layout_fx_direction&quot;:null,&quot;jet_parallax_layout_z_index&quot;:&quot;&quot;,&quot;jet_parallax_layout_bg_x&quot;:50,&quot;jet_parallax_layout_bg_x_tablet&quot;:&quot;&quot;,&quot;jet_parallax_layout_bg_x_mobile&quot;:&quot;&quot;,&quot;jet_parallax_layout_bg_y&quot;:50,&quot;jet_parallax_layout_bg_y_tablet&quot;:&quot;&quot;,&quot;jet_parallax_layout_bg_y_mobile&quot;:&quot;&quot;,&quot;jet_parallax_layout_bg_size&quot;:&quot;auto&quot;,&quot;jet_parallax_layout_bg_size_tablet&quot;:&quot;&quot;,&quot;jet_parallax_layout_bg_size_mobile&quot;:&quot;&quot;,&quot;jet_parallax_layout_animation_prop&quot;:&quot;transform&quot;,&quot;jet_parallax_layout_on&quot;:[&quot;desktop&quot;,&quot;tablet&quot;]}]}\">\n\t\t\t\t\t\t<div class=\"elementor-container elementor-column-gap-default\">\n\t\t\t\t\t<div class=\"elementor-column elementor-col-100 elementor-inner-column elementor-element elementor-element-3ff3daf9\" data-id=\"3ff3daf9\" data-element_type=\"column\">\n\t\t\t<div class=\"elementor-widget-wrap elementor-element-populated\">\n\t\t\t\t\t\t\t\t<div class=\"elementor-element elementor-element-d4086ee elementor-nav-menu__align-left elementor-nav-menu--dropdown-none elementor-invisible elementor-widget elementor-widget-nav-menu\" data-id=\"d4086ee\" data-element_type=\"widget\" data-settings=\"{&quot;_animation&quot;:&quot;fadeIn&quot;,&quot;submenu_icon&quot;:{&quot;value&quot;:&quot;&lt;i class=\\&quot;fas fa-chevron-down\\&quot;&gt;&lt;\\\/i&gt;&quot;,&quot;library&quot;:&quot;fa-solid&quot;},&quot;layout&quot;:&quot;horizontal&quot;}\" data-widget_type=\"nav-menu.default\">\n\t\t\t\t<div class=\"elementor-widget-container\">\n\t\t\t\t\t\t<nav migration_allowed=\"1\" migrated=\"0\" class=\"elementor-nav-menu--main elementor-nav-menu__container elementor-nav-menu--layout-horizontal e--pointer-text e--animation-none\">\n\t\t\t\t<ul id=\"menu-1-d4086ee\" class=\"elementor-nav-menu\"><li class=\"menu-item menu-item-type-post_type menu-item-object-page menu-item-3781\"><a href=\"https:\/\/kiosco-creativo.com\/es\/branding\/\" class=\"elementor-item\">Branding<\/a><\/li>\n<li class=\"menu-item menu-item-type-post_type menu-item-object-page menu-item-3785\"><a href=\"https:\/\/kiosco-creativo.com\/es\/editorial\/\" class=\"elementor-item\">EDITORIAL<\/a><\/li>\n<li class=\"menu-item menu-item-type-post_type menu-item-object-page menu-item-3784\"><a href=\"https:\/\/kiosco-creativo.com\/es\/campanas\/\" class=\"elementor-item\">Campa\u00f1as<\/a><\/li>\n<li class=\"menu-item menu-item-type-post_type menu-item-object-page menu-item-3783\"><a href=\"https:\/\/kiosco-creativo.com\/es\/empaques\/\" class=\"elementor-item\">Empaques<\/a><\/li>\n<li class=\"menu-item menu-item-type-post_type menu-item-object-page menu-item-3782\"><a href=\"https:\/\/kiosco-creativo.com\/es\/vitrinas\/\" class=\"elementor-item\">Vitrinas<\/a><\/li>\n<li class=\"menu-item menu-item-type-post_type menu-item-object-page menu-item-3848\"><a href=\"https:\/\/kiosco-creativo.com\/es\/espacios\/\" class=\"elementor-item\">Espacios<\/a><\/li>\n<li class=\"menu-item menu-item-type-post_type menu-item-object-page menu-item-3847\"><a href=\"https:\/\/kiosco-creativo.com\/es\/creacion-de-contenido\/\" class=\"elementor-item\">Creaci\u00f3n de Contenido<\/a><\/li>\n<li class=\"menu-item menu-item-type-post_type menu-item-object-page menu-item-3846\"><a href=\"https:\/\/kiosco-creativo.com\/es\/merch\/\" class=\"elementor-item\">Merch<\/a><\/li>\n<li class=\"menu-item menu-item-type-post_type menu-item-object-page menu-item-3850\"><a href=\"https:\/\/kiosco-creativo.com\/es\/activaciones-y-eventos\/\" class=\"elementor-item\">Activaciones y Eventos<\/a><\/li>\n<\/ul>\t\t\t<\/nav>\n\t\t\t\t\t<div class=\"elementor-menu-toggle\" role=\"button\" tabindex=\"0\" aria-label=\"Alternar men\u00fa\" aria-expanded=\"false\">\n\t\t\t<i aria-hidden=\"true\" role=\"presentation\" class=\"elementor-menu-toggle__icon--open eicon-menu-bar\"><\/i><i aria-hidden=\"true\" role=\"presentation\" class=\"elementor-menu-toggle__icon--close eicon-close\"><\/i>\t\t\t<span class=\"elementor-screen-only\">Men\u00fa<\/span>\n\t\t<\/div>\n\t\t\t<nav class=\"elementor-nav-menu--dropdown elementor-nav-menu__container\" aria-hidden=\"true\">\n\t\t\t\t<ul id=\"menu-2-d4086ee\" class=\"elementor-nav-menu\"><li class=\"menu-item menu-item-type-post_type menu-item-object-page menu-item-3781\"><a href=\"https:\/\/kiosco-creativo.com\/es\/branding\/\" class=\"elementor-item\" tabindex=\"-1\">Branding<\/a><\/li>\n<li class=\"menu-item menu-item-type-post_type menu-item-object-page menu-item-3785\"><a href=\"https:\/\/kiosco-creativo.com\/es\/editorial\/\" class=\"elementor-item\" tabindex=\"-1\">EDITORIAL<\/a><\/li>\n<li class=\"menu-item menu-item-type-post_type menu-item-object-page menu-item-3784\"><a href=\"https:\/\/kiosco-creativo.com\/es\/campanas\/\" class=\"elementor-item\" tabindex=\"-1\">Campa\u00f1as<\/a><\/li>\n<li class=\"menu-item menu-item-type-post_type menu-item-object-page menu-item-3783\"><a href=\"https:\/\/kiosco-creativo.com\/es\/empaques\/\" class=\"elementor-item\" tabindex=\"-1\">Empaques<\/a><\/li>\n<li class=\"menu-item menu-item-type-post_type menu-item-object-page menu-item-3782\"><a href=\"https:\/\/kiosco-creativo.com\/es\/vitrinas\/\" class=\"elementor-item\" tabindex=\"-1\">Vitrinas<\/a><\/li>\n<li class=\"menu-item menu-item-type-post_type menu-item-object-page menu-item-3848\"><a href=\"https:\/\/kiosco-creativo.com\/es\/espacios\/\" class=\"elementor-item\" tabindex=\"-1\">Espacios<\/a><\/li>\n<li class=\"menu-item menu-item-type-post_type menu-item-object-page menu-item-3847\"><a href=\"https:\/\/kiosco-creativo.com\/es\/creacion-de-contenido\/\" class=\"elementor-item\" tabindex=\"-1\">Creaci\u00f3n de Contenido<\/a><\/li>\n<li class=\"menu-item menu-item-type-post_type menu-item-object-page menu-item-3846\"><a href=\"https:\/\/kiosco-creativo.com\/es\/merch\/\" class=\"elementor-item\" tabindex=\"-1\">Merch<\/a><\/li>\n<li class=\"menu-item menu-item-type-post_type menu-item-object-page menu-item-3850\"><a href=\"https:\/\/kiosco-creativo.com\/es\/activaciones-y-eventos\/\" class=\"elementor-item\" tabindex=\"-1\">Activaciones y Eventos<\/a><\/li>\n<\/ul>\t\t\t<\/nav>\n\t\t\t\t<\/div>\n\t\t\t\t<\/div>\n\t\t\t\t\t<\/div>\n\t\t<\/div>\n\t\t\t\t\t\t\t<\/div>\n\t\t<\/section>\n\t\t\t\t\t<\/div>\n\t\t<\/div>\n\t\t\t\t\t\t\t<\/div>\n\t\t<\/section>\n\t\t\t\t\t\t\t<\/div>\n\t\t","protected":false},"excerpt":{"rendered":"<p>Campa\u00f1as Nuestra meta es conocer bien a la marca y su consumidor para crear estrategias de comunicaci\u00f3n exitosas que cumplan con los objetivos del cliente. Estructuramos campa\u00f1as 360, incluyendo ATL, BTL y Digital.<\/p>\n","protected":false},"author":1,"featured_media":0,"parent":0,"menu_order":0,"comment_status":"closed","ping_status":"closed","template":"elementor_header_footer","meta":[],"acf":[],"yoast_head":"<!-- This site is optimized with the Yoast SEO plugin v19.10 - https:\/\/yoast.com\/wordpress\/plugins\/seo\/ -->\n<title>Campa\u00f1as - Kiosco Creativo<\/title>\n<meta name=\"robots\" content=\"index, follow, max-snippet:-1, max-image-preview:large, max-video-preview:-1\" \/>\n<link rel=\"canonical\" href=\"https:\/\/kiosco-creativo.com\/es\/campanas\/\" \/>\n<meta property=\"og:locale\" content=\"es_ES\" \/>\n<meta property=\"og:type\" content=\"article\" \/>\n<meta property=\"og:title\" content=\"Campa\u00f1as - Kiosco Creativo\" \/>\n<meta property=\"og:description\" content=\"Campa\u00f1as Nuestra meta es conocer bien a la marca y su consumidor para crear estrategias de comunicaci\u00f3n exitosas que cumplan con los objetivos del cliente. Estructuramos campa\u00f1as 360, incluyendo ATL, BTL y Digital.\" \/>\n<meta property=\"og:url\" content=\"https:\/\/kiosco-creativo.com\/es\/campanas\/\" \/>\n<meta property=\"og:site_name\" content=\"Kiosco Creativo\" \/>\n<meta property=\"article:modified_time\" content=\"2022-05-17T00:51:38+00:00\" \/>\n<meta name=\"twitter:card\" content=\"summary_large_image\" \/>\n<meta name=\"twitter:label1\" content=\"Tiempo de lectura\" \/>\n\t<meta name=\"twitter:data1\" content=\"3 minutos\" \/>\n<script type=\"application\/ld+json\" class=\"yoast-schema-graph\">{\"@context\":\"https:\/\/schema.org\",\"@graph\":[{\"@type\":\"WebPage\",\"@id\":\"https:\/\/kiosco-creativo.com\/es\/campanas\/\",\"url\":\"https:\/\/kiosco-creativo.com\/es\/campanas\/\",\"name\":\"Campa\u00f1as - Kiosco Creativo\",\"isPartOf\":{\"@id\":\"https:\/\/kiosco-creativo.com\/#website\"},\"datePublished\":\"2019-11-02T03:09:28+00:00\",\"dateModified\":\"2022-05-17T00:51:38+00:00\",\"breadcrumb\":{\"@id\":\"https:\/\/kiosco-creativo.com\/es\/campanas\/#breadcrumb\"},\"inLanguage\":\"es\",\"potentialAction\":[{\"@type\":\"ReadAction\",\"target\":[\"https:\/\/kiosco-creativo.com\/es\/campanas\/\"]}]},{\"@type\":\"BreadcrumbList\",\"@id\":\"https:\/\/kiosco-creativo.com\/es\/campanas\/#breadcrumb\",\"itemListElement\":[{\"@type\":\"ListItem\",\"position\":1,\"name\":\"Portada\",\"item\":\"https:\/\/kiosco-creativo.com\/\"},{\"@type\":\"ListItem\",\"position\":2,\"name\":\"Campa\u00f1as\"}]},{\"@type\":\"WebSite\",\"@id\":\"https:\/\/kiosco-creativo.com\/#website\",\"url\":\"https:\/\/kiosco-creativo.com\/\",\"name\":\"Kiosco Creativo\",\"description\":\"Dise\u00f1o Gr\u00e1fico - Marketing Digital - Creatividad - Dise\u00f1o Web - Redes Sociales\",\"potentialAction\":[{\"@type\":\"SearchAction\",\"target\":{\"@type\":\"EntryPoint\",\"urlTemplate\":\"https:\/\/kiosco-creativo.com\/?s={search_term_string}\"},\"query-input\":\"required name=search_term_string\"}],\"inLanguage\":\"es\"}]}<\/script>\n<!-- \/ Yoast SEO plugin. -->","yoast_head_json":{"title":"Campa\u00f1as - Kiosco Creativo","robots":{"index":"index","follow":"follow","max-snippet":"max-snippet:-1","max-image-preview":"max-image-preview:large","max-video-preview":"max-video-preview:-1"},"canonical":"https:\/\/kiosco-creativo.com\/es\/campanas\/","og_locale":"es_ES","og_type":"article","og_title":"Campa\u00f1as - Kiosco Creativo","og_description":"Campa\u00f1as Nuestra meta es conocer bien a la marca y su consumidor para crear estrategias de comunicaci\u00f3n exitosas que cumplan con los objetivos del cliente. Estructuramos campa\u00f1as 360, incluyendo ATL, BTL y Digital.","og_url":"https:\/\/kiosco-creativo.com\/es\/campanas\/","og_site_name":"Kiosco Creativo","article_modified_time":"2022-05-17T00:51:38+00:00","twitter_card":"summary_large_image","twitter_misc":{"Tiempo de lectura":"3 minutos"},"schema":{"@context":"https:\/\/schema.org","@graph":[{"@type":"WebPage","@id":"https:\/\/kiosco-creativo.com\/es\/campanas\/","url":"https:\/\/kiosco-creativo.com\/es\/campanas\/","name":"Campa\u00f1as - Kiosco Creativo","isPartOf":{"@id":"https:\/\/kiosco-creativo.com\/#website"},"datePublished":"2019-11-02T03:09:28+00:00","dateModified":"2022-05-17T00:51:38+00:00","breadcrumb":{"@id":"https:\/\/kiosco-creativo.com\/es\/campanas\/#breadcrumb"},"inLanguage":"es","potentialAction":[{"@type":"ReadAction","target":["https:\/\/kiosco-creativo.com\/es\/campanas\/"]}]},{"@type":"BreadcrumbList","@id":"https:\/\/kiosco-creativo.com\/es\/campanas\/#breadcrumb","itemListElement":[{"@type":"ListItem","position":1,"name":"Portada","item":"https:\/\/kiosco-creativo.com\/"},{"@type":"ListItem","position":2,"name":"Campa\u00f1as"}]},{"@type":"WebSite","@id":"https:\/\/kiosco-creativo.com\/#website","url":"https:\/\/kiosco-creativo.com\/","name":"Kiosco Creativo","description":"Dise\u00f1o Gr\u00e1fico - Marketing Digital - Creatividad - Dise\u00f1o Web - Redes Sociales","potentialAction":[{"@type":"SearchAction","target":{"@type":"EntryPoint","urlTemplate":"https:\/\/kiosco-creativo.com\/?s={search_term_string}"},"query-input":"required name=search_term_string"}],"inLanguage":"es"}]}},"_links":{"self":[{"href":"https:\/\/kiosco-creativo.com\/es\/wp-json\/wp\/v2\/pages\/3748"}],"collection":[{"href":"https:\/\/kiosco-creativo.com\/es\/wp-json\/wp\/v2\/pages"}],"about":[{"href":"https:\/\/kiosco-creativo.com\/es\/wp-json\/wp\/v2\/types\/page"}],"author":[{"embeddable":true,"href":"https:\/\/kiosco-creativo.com\/es\/wp-json\/wp\/v2\/users\/1"}],"replies":[{"embeddable":true,"href":"https:\/\/kiosco-creativo.com\/es\/wp-json\/wp\/v2\/comments?post=3748"}],"version-history":[{"count":31,"href":"https:\/\/kiosco-creativo.com\/es\/wp-json\/wp\/v2\/pages\/3748\/revisions"}],"predecessor-version":[{"id":5746,"href":"https:\/\/kiosco-creativo.com\/es\/wp-json\/wp\/v2\/pages\/3748\/revisions\/5746"}],"wp:attachment":[{"href":"https:\/\/kiosco-creativo.com\/es\/wp-json\/wp\/v2\/media?parent=3748"}],"curies":[{"name":"wp","href":"https:\/\/api.w.org\/{rel}","templated":true}]}}