{"id":5570,"date":"2022-03-17T10:28:22","date_gmt":"2022-03-17T15:28:22","guid":{"rendered":"https:\/\/kiosco-creativo.com\/product\/producto-1\/"},"modified":"2022-07-20T08:55:59","modified_gmt":"2022-07-20T13:55:59","slug":"producto-1","status":"publish","type":"product","link":"https:\/\/kiosco-creativo.com\/es\/producto\/producto-1\/","title":{"rendered":"Producto 1"},"content":{"rendered":"","protected":false},"excerpt":{"rendered":"<p>Lorem ipsum dolor sit amet, consectetur adipiscing elit. Duis eu malesuada mauris, eu congue mi. Cras vulputate ac neque ornare hendrerit.<\/p>\n","protected":false},"featured_media":4740,"template":"","meta":[],"product_cat":[182],"product_tag":[],"acf":[],"yoast_head":"<!-- This site is optimized with the Yoast SEO plugin v19.10 - https:\/\/yoast.com\/wordpress\/plugins\/seo\/ -->\n<title>Producto 1 - Kiosco Creativo<\/title>\n<meta name=\"robots\" content=\"index, follow, max-snippet:-1, max-image-preview:large, max-video-preview:-1\" \/>\n<link rel=\"canonical\" href=\"https:\/\/kiosco-creativo.com\/es\/producto\/producto-1\/\" \/>\n<meta property=\"og:locale\" content=\"es_ES\" \/>\n<meta property=\"og:type\" content=\"article\" \/>\n<meta property=\"og:title\" content=\"Producto 1 - Kiosco Creativo\" \/>\n<meta property=\"og:description\" content=\"Lorem ipsum dolor sit amet, consectetur adipiscing elit. Duis eu malesuada mauris, eu congue mi. Cras vulputate ac neque ornare hendrerit.\" \/>\n<meta property=\"og:url\" content=\"https:\/\/kiosco-creativo.com\/es\/producto\/producto-1\/\" \/>\n<meta property=\"og:site_name\" content=\"Kiosco Creativo\" \/>\n<meta property=\"article:modified_time\" content=\"2022-07-20T13:55:59+00:00\" \/>\n<meta property=\"og:image\" content=\"https:\/\/kiosco-creativo.com\/wp-content\/uploads\/2022\/02\/ESTAMPA-MODELOS-VERANO_0009_161A89641.png\" \/>\n\t<meta property=\"og:image:width\" content=\"1800\" \/>\n\t<meta property=\"og:image:height\" content=\"1800\" \/>\n\t<meta property=\"og:image:type\" content=\"image\/png\" \/>\n<meta name=\"twitter:card\" content=\"summary_large_image\" \/>\n<script type=\"application\/ld+json\" class=\"yoast-schema-graph\">{\"@context\":\"https:\/\/schema.org\",\"@graph\":[{\"@type\":\"WebPage\",\"@id\":\"https:\/\/kiosco-creativo.com\/es\/producto\/producto-1\/\",\"url\":\"https:\/\/kiosco-creativo.com\/es\/producto\/producto-1\/\",\"name\":\"Producto 1 - Kiosco Creativo\",\"isPartOf\":{\"@id\":\"https:\/\/kiosco-creativo.com\/#website\"},\"datePublished\":\"2022-03-17T15:28:22+00:00\",\"dateModified\":\"2022-07-20T13:55:59+00:00\",\"breadcrumb\":{\"@id\":\"https:\/\/kiosco-creativo.com\/es\/producto\/producto-1\/#breadcrumb\"},\"inLanguage\":\"es\",\"potentialAction\":[{\"@type\":\"ReadAction\",\"target\":[\"https:\/\/kiosco-creativo.com\/es\/producto\/producto-1\/\"]}]},{\"@type\":\"BreadcrumbList\",\"@id\":\"https:\/\/kiosco-creativo.com\/es\/producto\/producto-1\/#breadcrumb\",\"itemListElement\":[{\"@type\":\"ListItem\",\"position\":1,\"name\":\"Portada\",\"item\":\"https:\/\/kiosco-creativo.com\/\"},{\"@type\":\"ListItem\",\"position\":2,\"name\":\"Producto 1\"}]},{\"@type\":\"WebSite\",\"@id\":\"https:\/\/kiosco-creativo.com\/#website\",\"url\":\"https:\/\/kiosco-creativo.com\/\",\"name\":\"Kiosco Creativo\",\"description\":\"Dise\u00f1o Gr\u00e1fico - Marketing Digital - Creatividad - Dise\u00f1o Web - Redes Sociales\",\"potentialAction\":[{\"@type\":\"SearchAction\",\"target\":{\"@type\":\"EntryPoint\",\"urlTemplate\":\"https:\/\/kiosco-creativo.com\/?s={search_term_string}\"},\"query-input\":\"required name=search_term_string\"}],\"inLanguage\":\"es\"}]}<\/script>\n<!-- \/ Yoast SEO plugin. -->","yoast_head_json":{"title":"Producto 1 - Kiosco Creativo","robots":{"index":"index","follow":"follow","max-snippet":"max-snippet:-1","max-image-preview":"max-image-preview:large","max-video-preview":"max-video-preview:-1"},"canonical":"https:\/\/kiosco-creativo.com\/es\/producto\/producto-1\/","og_locale":"es_ES","og_type":"article","og_title":"Producto 1 - Kiosco Creativo","og_description":"Lorem ipsum dolor sit amet, consectetur adipiscing elit. Duis eu malesuada mauris, eu congue mi. Cras vulputate ac neque ornare hendrerit.","og_url":"https:\/\/kiosco-creativo.com\/es\/producto\/producto-1\/","og_site_name":"Kiosco Creativo","article_modified_time":"2022-07-20T13:55:59+00:00","og_image":[{"width":1800,"height":1800,"url":"https:\/\/kiosco-creativo.com\/wp-content\/uploads\/2022\/02\/ESTAMPA-MODELOS-VERANO_0009_161A89641.png","type":"image\/png"}],"twitter_card":"summary_large_image","schema":{"@context":"https:\/\/schema.org","@graph":[{"@type":"WebPage","@id":"https:\/\/kiosco-creativo.com\/es\/producto\/producto-1\/","url":"https:\/\/kiosco-creativo.com\/es\/producto\/producto-1\/","name":"Producto 1 - Kiosco Creativo","isPartOf":{"@id":"https:\/\/kiosco-creativo.com\/#website"},"datePublished":"2022-03-17T15:28:22+00:00","dateModified":"2022-07-20T13:55:59+00:00","breadcrumb":{"@id":"https:\/\/kiosco-creativo.com\/es\/producto\/producto-1\/#breadcrumb"},"inLanguage":"es","potentialAction":[{"@type":"ReadAction","target":["https:\/\/kiosco-creativo.com\/es\/producto\/producto-1\/"]}]},{"@type":"BreadcrumbList","@id":"https:\/\/kiosco-creativo.com\/es\/producto\/producto-1\/#breadcrumb","itemListElement":[{"@type":"ListItem","position":1,"name":"Portada","item":"https:\/\/kiosco-creativo.com\/"},{"@type":"ListItem","position":2,"name":"Producto 1"}]},{"@type":"WebSite","@id":"https:\/\/kiosco-creativo.com\/#website","url":"https:\/\/kiosco-creativo.com\/","name":"Kiosco Creativo","description":"Dise\u00f1o Gr\u00e1fico - Marketing Digital - Creatividad - Dise\u00f1o Web - Redes Sociales","potentialAction":[{"@type":"SearchAction","target":{"@type":"EntryPoint","urlTemplate":"https:\/\/kiosco-creativo.com\/?s={search_term_string}"},"query-input":"required name=search_term_string"}],"inLanguage":"es"}]}},"_links":{"self":[{"href":"https:\/\/kiosco-creativo.com\/es\/wp-json\/wp\/v2\/product\/5570"}],"collection":[{"href":"https:\/\/kiosco-creativo.com\/es\/wp-json\/wp\/v2\/product"}],"about":[{"href":"https:\/\/kiosco-creativo.com\/es\/wp-json\/wp\/v2\/types\/product"}],"wp:featuredmedia":[{"embeddable":true,"href":"https:\/\/kiosco-creativo.com\/es\/wp-json\/wp\/v2\/media\/4740"}],"wp:attachment":[{"href":"https:\/\/kiosco-creativo.com\/es\/wp-json\/wp\/v2\/media?parent=5570"}],"wp:term":[{"taxonomy":"product_cat","embeddable":true,"href":"https:\/\/kiosco-creativo.com\/es\/wp-json\/wp\/v2\/product_cat?post=5570"},{"taxonomy":"product_tag","embeddable":true,"href":"https:\/\/kiosco-creativo.com\/es\/wp-json\/wp\/v2\/product_tag?post=5570"}],"curies":[{"name":"wp","href":"https:\/\/api.w.org\/{rel}","templated":true}]}}